{"id":180,"date":"2025-01-24T13:02:25","date_gmt":"2025-01-24T13:02:25","guid":{"rendered":"https:\/\/sydneyoperahouse-tickets.com\/?page_id=180"},"modified":"2026-02-05T17:26:27","modified_gmt":"2026-02-05T17:26:27","slug":"privacidad-politica-de-cookies","status":"publish","type":"page","link":"https:\/\/sydneyoperahouse-tickets.com\/es\/privacy-cookies-policy\/","title":{"rendered":"Pol\u00edtica de privacidad y cookies"},"content":{"rendered":"<div data-elementor-type=\"wp-page\" data-elementor-id=\"180\" class=\"elementor elementor-180\">\n\t\t\t\t<div class=\"elementor-element elementor-element-e073486 e-flex e-con-boxed e-con e-parent\" data-id=\"e073486\" data-element_type=\"container\" data-e-type=\"container\">\n\t\t\t\t\t<div class=\"e-con-inner\">\n\t\t\t\t<div class=\"elementor-element elementor-element-261c497 elementor-widget elementor-widget-spacer\" data-id=\"261c497\" data-element_type=\"widget\" data-e-type=\"widget\" data-widget_type=\"spacer.default\">\n\t\t\t\t<div class=\"elementor-widget-container\">\n\t\t\t\t\t\t\t<div class=\"elementor-spacer\">\n\t\t\t<div class=\"elementor-spacer-inner\"><\/div>\n\t\t<\/div>\n\t\t\t\t\t\t<\/div>\n\t\t\t\t<\/div>\n\t\t\t\t\t<\/div>\n\t\t\t\t<\/div>\n\t\t<div class=\"elementor-element elementor-element-98821f0 e-flex e-con-boxed e-con e-parent\" data-id=\"98821f0\" data-element_type=\"container\" data-e-type=\"container\" data-settings=\"{&quot;background_background&quot;:&quot;classic&quot;}\">\n\t\t\t\t\t<div class=\"e-con-inner\">\n\t\t\t\t<div class=\"elementor-element elementor-element-f5ba654 elementor-widget elementor-widget-heading\" data-id=\"f5ba654\" data-element_type=\"widget\" data-e-type=\"widget\" data-widget_type=\"heading.default\">\n\t\t\t\t<div class=\"elementor-widget-container\">\n\t\t\t\t\t<h1 class=\"elementor-heading-title elementor-size-default\">Pol\u00edtica de privacidad y cookies<\/h1>\t\t\t\t<\/div>\n\t\t\t\t<\/div>\n\t\t\t\t\t<\/div>\n\t\t\t\t<\/div>\n\t\t<div class=\"elementor-element elementor-element-d105245 e-flex e-con-boxed e-con e-parent\" data-id=\"d105245\" data-element_type=\"container\" data-e-type=\"container\">\n\t\t\t\t\t<div class=\"e-con-inner\">\n\t\t\t\t<div class=\"elementor-element elementor-element-3b2e966 elementor-widget elementor-widget-text-editor\" data-id=\"3b2e966\" data-element_type=\"widget\" data-e-type=\"widget\" data-widget_type=\"text-editor.default\">\n\t\t\t\t<div class=\"elementor-widget-container\">\n\t\t\t\t\t\t\t\t\t<div><p class=\"has-text-align-justify\">Su privacidad es importante. Es la Pol\u00edtica de Privacidad y Cookies de la <span lang=\"EN-US\">www.sydneyoperahouse-tickets.com<\/span> a respetar su privacidad en relaci\u00f3n con cualquier informaci\u00f3n que pueda recogerse en el sitio web.<\/p><\/div><div><p class=\"has-text-align-justify\">S\u00f3lo se solicitan datos personales cuando son realmente necesarios para prestarle un servicio. Esta solicitud se realiza por medios justos y legales, con su conocimiento y consentimiento. Tambi\u00e9n le informamos de por qu\u00e9 se recoge esa informaci\u00f3n y c\u00f3mo se utilizar\u00e1.<\/p><\/div><div><p class=\"has-text-align-justify\">La informaci\u00f3n recopilada s\u00f3lo se conserva durante el tiempo necesario para prestar el servicio solicitado. Cuando se almacenan los datos, se protegen utilizando medios comercialmente aceptables para evitar p\u00e9rdidas y robos, as\u00ed como el acceso, la divulgaci\u00f3n, la copia, el uso o la modificaci\u00f3n no autorizados.<\/p><\/div><div><p class=\"has-text-align-justify\">La informaci\u00f3n personal identificable no se comparte p\u00fablicamente ni con terceros, excepto cuando lo exige la ley.<\/p><\/div><div><p class=\"has-text-align-justify\">Este sitio web puede contener enlaces a sitios web externos no gestionados por nosotros. Tenga en cuenta que el <span lang=\"EN-US\">www.sydneyoperahouse-tickets.com <\/span>no tiene control alguno sobre el contenido y las pr\u00e1cticas de dichos sitios web, y no puede aceptar responsabilidad alguna por sus respectivas pol\u00edticas de privacidad.<\/p><\/div><div><p class=\"has-text-align-justify\">El usuario es libre de negarse a proporcionar la informaci\u00f3n personal solicitada, entendiendo que algunos de los servicios deseados pueden no ser proporcionados.<\/p><\/div><div><p class=\"has-text-align-justify\">El uso continuado de este sitio web se considerar\u00e1 como una aceptaci\u00f3n de las pr\u00e1cticas en torno a la privacidad y la informaci\u00f3n personal. Si tiene alguna pregunta sobre c\u00f3mo se gestionan los datos de los usuarios y la informaci\u00f3n personal, o sobre nuestra pol\u00edtica de privacidad en general, le rogamos que responda a las siguientes preguntas<span class=\"apple-converted-space\">\u00a0<\/span>Contacte con nosotros en <a href=\"mailto:info@sydneyoperahouse-tickets.com\">info@<span lang=\"EN-US\">sydneyoperahouse-tickets.com<\/span><\/a>.<\/p><\/div>\t\t\t\t\t\t\t\t<\/div>\n\t\t\t\t<\/div>\n\t\t\t\t<div class=\"elementor-element elementor-element-c392a50 elementor-widget elementor-widget-heading\" data-id=\"c392a50\" data-element_type=\"widget\" data-e-type=\"widget\" data-widget_type=\"heading.default\">\n\t\t\t\t<div class=\"elementor-widget-container\">\n\t\t\t\t\t<h2 class=\"elementor-heading-title elementor-size-default\">Qu\u00e9 datos personales se recogen y por qu\u00e9<\/h2>\t\t\t\t<\/div>\n\t\t\t\t<\/div>\n\t\t\t\t<div class=\"elementor-element elementor-element-4b3390f elementor-widget elementor-widget-text-editor\" data-id=\"4b3390f\" data-element_type=\"widget\" data-e-type=\"widget\" data-widget_type=\"text-editor.default\">\n\t\t\t\t<div class=\"elementor-widget-container\">\n\t\t\t\t\t\t\t\t\t<p>Los datos personales no se crean \u00fanicamente por la interacci\u00f3n de los usuarios con el sitio web. Los datos personales se crean a trav\u00e9s de procesos t\u00e9cnicos como formularios de contacto, comentarios, cookies, datos anal\u00edticos y la incorporaci\u00f3n de terceros.<\/p>\t\t\t\t\t\t\t\t<\/div>\n\t\t\t\t<\/div>\n\t\t\t\t<div class=\"elementor-element elementor-element-9140a03 elementor-widget elementor-widget-heading\" data-id=\"9140a03\" data-element_type=\"widget\" data-e-type=\"widget\" data-widget_type=\"heading.default\">\n\t\t\t\t<div class=\"elementor-widget-container\">\n\t\t\t\t\t<h2 class=\"elementor-heading-title elementor-size-default\">Pol\u00edtica de cookies<\/h2>\t\t\t\t<\/div>\n\t\t\t\t<\/div>\n\t\t\t\t<div class=\"elementor-element elementor-element-501cf9b elementor-widget elementor-widget-html\" data-id=\"501cf9b\" data-element_type=\"widget\" data-e-type=\"widget\" data-widget_type=\"html.default\">\n\t\t\t\t<div class=\"elementor-widget-container\">\n\t\t\t\t\t<script id=\"CookieDeclaration\" src=\"https:\/\/consent.cookiebot.com\/b7299268-d842-49ce-9b5f-e32f242b63d5\/cd.js\" type=\"text\/javascript\" async><\/script>\t\t\t\t<\/div>\n\t\t\t\t<\/div>\n\t\t\t\t<div class=\"elementor-element elementor-element-2c95a16 elementor-widget elementor-widget-heading\" data-id=\"2c95a16\" data-element_type=\"widget\" data-e-type=\"widget\" data-widget_type=\"heading.default\">\n\t\t\t\t<div class=\"elementor-widget-container\">\n\t\t\t\t\t<h2 class=\"elementor-heading-title elementor-size-default\">Contenido incrustado de otros sitios web<\/h2>\t\t\t\t<\/div>\n\t\t\t\t<\/div>\n\t\t\t\t<div class=\"elementor-element elementor-element-7a326aa elementor-widget elementor-widget-text-editor\" data-id=\"7a326aa\" data-element_type=\"widget\" data-e-type=\"widget\" data-widget_type=\"text-editor.default\">\n\t\t\t\t<div class=\"elementor-widget-container\">\n\t\t\t\t\t\t\t\t\t<ul><li>Este sitio web puede incluir contenidos incrustados (por ejemplo: v\u00eddeos, im\u00e1genes, art\u00edculos, etc.). El contenido incrustado de otros sitios web se comporta como si el usuario estuviera visitando esos sitios web.<\/li><\/ul>\t\t\t\t\t\t\t\t<\/div>\n\t\t\t\t<\/div>\n\t\t\t\t<div class=\"elementor-element elementor-element-80fbfaa elementor-widget elementor-widget-heading\" data-id=\"80fbfaa\" data-element_type=\"widget\" data-e-type=\"widget\" data-widget_type=\"heading.default\">\n\t\t\t\t<div class=\"elementor-widget-container\">\n\t\t\t\t\t<h2 class=\"elementor-heading-title elementor-size-default\">Los derechos que tiene sobre sus datos<\/h2>\t\t\t\t<\/div>\n\t\t\t\t<\/div>\n\t\t\t\t<div class=\"elementor-element elementor-element-0ee9a58 elementor-widget elementor-widget-text-editor\" data-id=\"0ee9a58\" data-element_type=\"widget\" data-e-type=\"widget\" data-widget_type=\"text-editor.default\">\n\t\t\t\t<div class=\"elementor-widget-container\">\n\t\t\t\t\t\t\t\t\t<p>Si ha dejado comentarios en este sitio web, puede solicitar recibir un archivo de exportaci\u00f3n con los datos personales almacenados sobre usted, incluidos los datos personales que haya especificado. Tambi\u00e9n puede solicitar que se eliminen los datos guardados. Esto no incluye los datos personales que deban conservarse con fines administrativos, legales o de seguridad.<\/p><p><span lang=\"EN-US\">Si tiene alguna pregunta sobre nuestra pol\u00edtica de privacidad o desea cambiar, actualizar o eliminar cualquier dato personal, env\u00ede un correo electr\u00f3nico a <a href=\"mailto:info@sydneyoperahouse-tickets.com\">info@sydneyoperahouse-tickets.com<\/a><\/span><span lang=\"EN-US\">.<\/span><\/p>\t\t\t\t\t\t\t\t<\/div>\n\t\t\t\t<\/div>\n\t\t\t\t<div class=\"elementor-element elementor-element-070b003 elementor-widget elementor-widget-heading\" data-id=\"070b003\" data-element_type=\"widget\" data-e-type=\"widget\" data-widget_type=\"heading.default\">\n\t\t\t\t<div class=\"elementor-widget-container\">\n\t\t\t\t\t<h2 class=\"elementor-heading-title elementor-size-default\">Condiciones generales<\/h2>\t\t\t\t<\/div>\n\t\t\t\t<\/div>\n\t\t\t\t<div class=\"elementor-element elementor-element-4e1083d elementor-widget elementor-widget-text-editor\" data-id=\"4e1083d\" data-element_type=\"widget\" data-e-type=\"widget\" data-widget_type=\"text-editor.default\">\n\t\t\t\t<div class=\"elementor-widget-container\">\n\t\t\t\t\t\t\t\t\t<p>Si tiene alguna duda sobre las condiciones generales de uso de este sitio web, consulte nuestro\u00a0<a href=\"https:\/\/sydneyoperahouse-tickets.com\/es\/clausula-de-exencion-de-responsabilidad-y-condiciones\/\">Cl\u00e1usula de exenci\u00f3n de responsabilidad y condiciones generales<\/a>\u00a0p\u00e1gina.<\/p>\t\t\t\t\t\t\t\t<\/div>\n\t\t\t\t<\/div>\n\t\t\t\t\t<\/div>\n\t\t\t\t<\/div>\n\t\t\t\t<\/div>","protected":false},"excerpt":{"rendered":"<p>Privacy &amp; Cookies Policy Your privacy is important. It is the Privacy &amp; Cookies Policy of the www.sydneyoperahouse-tickets.com website to respect your privacy in relation to any information that may be collected on the website. Personal information is requested only when it is really necessary to provide you with a [&hellip;]<\/p>\n","protected":false},"author":2,"featured_media":0,"parent":0,"menu_order":0,"comment_status":"closed","ping_status":"closed","template":"page-templates\/template-pagebuilder-full-width.php","meta":{"footnotes":""},"class_list":["post-180","page","type-page","status-publish","hentry"],"yoast_head":"<!-- This site is optimized with the Yoast SEO plugin v27.4 - https:\/\/yoast.com\/product\/yoast-seo-wordpress\/ -->\n<title>Privacy &amp; Cookies Policy<\/title>\n<meta name=\"description\" content=\"Please check here the complete Privacy &amp; Cookies Policy of this website in relation to any information that may be collected.\" \/>\n<meta name=\"robots\" content=\"index, follow, max-snippet:-1, max-image-preview:large, max-video-preview:-1\" \/>\n<link rel=\"canonical\" href=\"https:\/\/sydneyoperahouse-tickets.com\/es\/privacidad-politica-de-cookies\/\" \/>\n<meta property=\"og:locale\" content=\"es_ES\" \/>\n<meta property=\"og:type\" content=\"article\" \/>\n<meta property=\"og:title\" content=\"Privacy &amp; Cookies Policy\" \/>\n<meta property=\"og:description\" content=\"Please check here the complete Privacy &amp; Cookies Policy of this website in relation to any information that may be collected.\" \/>\n<meta property=\"og:url\" content=\"https:\/\/sydneyoperahouse-tickets.com\/es\/privacidad-politica-de-cookies\/\" \/>\n<meta property=\"og:site_name\" content=\"Sydney Opera House Tickets\" \/>\n<meta property=\"article:modified_time\" content=\"2026-02-05T17:26:27+00:00\" \/>\n<meta name=\"twitter:card\" content=\"summary_large_image\" \/>\n<meta name=\"twitter:label1\" content=\"Tiempo de lectura\" \/>\n\t<meta name=\"twitter:data1\" content=\"4 minutos\" \/>\n<script type=\"application\/ld+json\" class=\"yoast-schema-graph\">{\"@context\":\"https:\\\/\\\/schema.org\",\"@graph\":[{\"@type\":\"WebPage\",\"@id\":\"https:\\\/\\\/sydneyoperahouse-tickets.com\\\/privacy-cookies-policy\\\/\",\"url\":\"https:\\\/\\\/sydneyoperahouse-tickets.com\\\/privacy-cookies-policy\\\/\",\"name\":\"Privacy & Cookies Policy\",\"isPartOf\":{\"@id\":\"https:\\\/\\\/sydneyoperahouse-tickets.com\\\/#website\"},\"datePublished\":\"2025-01-24T13:02:25+00:00\",\"dateModified\":\"2026-02-05T17:26:27+00:00\",\"description\":\"Please check here the complete Privacy & Cookies Policy of this website in relation to any information that may be collected.\",\"breadcrumb\":{\"@id\":\"https:\\\/\\\/sydneyoperahouse-tickets.com\\\/privacy-cookies-policy\\\/#breadcrumb\"},\"inLanguage\":\"es\",\"potentialAction\":[{\"@type\":\"ReadAction\",\"target\":[\"https:\\\/\\\/sydneyoperahouse-tickets.com\\\/privacy-cookies-policy\\\/\"]}]},{\"@type\":\"BreadcrumbList\",\"@id\":\"https:\\\/\\\/sydneyoperahouse-tickets.com\\\/privacy-cookies-policy\\\/#breadcrumb\",\"itemListElement\":[{\"@type\":\"ListItem\",\"position\":1,\"name\":\"Home\",\"item\":\"https:\\\/\\\/sydneyoperahouse-tickets.com\\\/\"},{\"@type\":\"ListItem\",\"position\":2,\"name\":\"Privacy &amp; Cookies Policy\"}]},{\"@type\":\"WebSite\",\"@id\":\"https:\\\/\\\/sydneyoperahouse-tickets.com\\\/#website\",\"url\":\"https:\\\/\\\/sydneyoperahouse-tickets.com\\\/\",\"name\":\"Sydney Opera House Tickets\",\"description\":\"\",\"publisher\":{\"@id\":\"https:\\\/\\\/sydneyoperahouse-tickets.com\\\/#organization\"},\"potentialAction\":[{\"@type\":\"SearchAction\",\"target\":{\"@type\":\"EntryPoint\",\"urlTemplate\":\"https:\\\/\\\/sydneyoperahouse-tickets.com\\\/?s={search_term_string}\"},\"query-input\":{\"@type\":\"PropertyValueSpecification\",\"valueRequired\":true,\"valueName\":\"search_term_string\"}}],\"inLanguage\":\"es\"},{\"@type\":\"Organization\",\"@id\":\"https:\\\/\\\/sydneyoperahouse-tickets.com\\\/#organization\",\"name\":\"Sydney Opera House Tickets\",\"url\":\"https:\\\/\\\/sydneyoperahouse-tickets.com\\\/\",\"logo\":{\"@type\":\"ImageObject\",\"inLanguage\":\"es\",\"@id\":\"https:\\\/\\\/sydneyoperahouse-tickets.com\\\/#\\\/schema\\\/logo\\\/image\\\/\",\"url\":\"https:\\\/\\\/sydneyoperahouse-tickets.com\\\/wp-content\\\/uploads\\\/2025\\\/01\\\/Sydney-Opera-House-Logo.webp\",\"contentUrl\":\"https:\\\/\\\/sydneyoperahouse-tickets.com\\\/wp-content\\\/uploads\\\/2025\\\/01\\\/Sydney-Opera-House-Logo.webp\",\"width\":375,\"height\":187,\"caption\":\"Sydney Opera House Tickets\"},\"image\":{\"@id\":\"https:\\\/\\\/sydneyoperahouse-tickets.com\\\/#\\\/schema\\\/logo\\\/image\\\/\"}}]}<\/script>\n<!-- \/ Yoast SEO plugin. -->","yoast_head_json":{"title":"Pol\u00edtica de privacidad y cookies","description":"Consulte aqu\u00ed la Pol\u00edtica de Privacidad y Cookies completa de este sitio web en relaci\u00f3n con cualquier informaci\u00f3n que pueda recopilarse.","robots":{"index":"index","follow":"follow","max-snippet":"max-snippet:-1","max-image-preview":"max-image-preview:large","max-video-preview":"max-video-preview:-1"},"canonical":"https:\/\/sydneyoperahouse-tickets.com\/es\/privacidad-politica-de-cookies\/","og_locale":"es_ES","og_type":"article","og_title":"Privacy & Cookies Policy","og_description":"Please check here the complete Privacy & Cookies Policy of this website in relation to any information that may be collected.","og_url":"https:\/\/sydneyoperahouse-tickets.com\/es\/privacidad-politica-de-cookies\/","og_site_name":"Sydney Opera House Tickets","article_modified_time":"2026-02-05T17:26:27+00:00","twitter_card":"summary_large_image","twitter_misc":{"Tiempo de lectura":"4 minutos"},"schema":{"@context":"https:\/\/schema.org","@graph":[{"@type":"WebPage","@id":"https:\/\/sydneyoperahouse-tickets.com\/privacy-cookies-policy\/","url":"https:\/\/sydneyoperahouse-tickets.com\/privacy-cookies-policy\/","name":"Pol\u00edtica de privacidad y cookies","isPartOf":{"@id":"https:\/\/sydneyoperahouse-tickets.com\/#website"},"datePublished":"2025-01-24T13:02:25+00:00","dateModified":"2026-02-05T17:26:27+00:00","description":"Consulte aqu\u00ed la Pol\u00edtica de Privacidad y Cookies completa de este sitio web en relaci\u00f3n con cualquier informaci\u00f3n que pueda recopilarse.","breadcrumb":{"@id":"https:\/\/sydneyoperahouse-tickets.com\/privacy-cookies-policy\/#breadcrumb"},"inLanguage":"es","potentialAction":[{"@type":"ReadAction","target":["https:\/\/sydneyoperahouse-tickets.com\/privacy-cookies-policy\/"]}]},{"@type":"BreadcrumbList","@id":"https:\/\/sydneyoperahouse-tickets.com\/privacy-cookies-policy\/#breadcrumb","itemListElement":[{"@type":"ListItem","position":1,"name":"Home","item":"https:\/\/sydneyoperahouse-tickets.com\/"},{"@type":"ListItem","position":2,"name":"Privacy &amp; Cookies Policy"}]},{"@type":"WebSite","@id":"https:\/\/sydneyoperahouse-tickets.com\/#website","url":"https:\/\/sydneyoperahouse-tickets.com\/","name":"Entradas \u00d3pera de Sydney","description":"","publisher":{"@id":"https:\/\/sydneyoperahouse-tickets.com\/#organization"},"potentialAction":[{"@type":"SearchAction","target":{"@type":"EntryPoint","urlTemplate":"https:\/\/sydneyoperahouse-tickets.com\/?s={search_term_string}"},"query-input":{"@type":"PropertyValueSpecification","valueRequired":true,"valueName":"search_term_string"}}],"inLanguage":"es"},{"@type":"Organization","@id":"https:\/\/sydneyoperahouse-tickets.com\/#organization","name":"Entradas \u00d3pera de Sydney","url":"https:\/\/sydneyoperahouse-tickets.com\/","logo":{"@type":"ImageObject","inLanguage":"es","@id":"https:\/\/sydneyoperahouse-tickets.com\/#\/schema\/logo\/image\/","url":"https:\/\/sydneyoperahouse-tickets.com\/wp-content\/uploads\/2025\/01\/Sydney-Opera-House-Logo.webp","contentUrl":"https:\/\/sydneyoperahouse-tickets.com\/wp-content\/uploads\/2025\/01\/Sydney-Opera-House-Logo.webp","width":375,"height":187,"caption":"Sydney Opera House Tickets"},"image":{"@id":"https:\/\/sydneyoperahouse-tickets.com\/#\/schema\/logo\/image\/"}}]}},"_links":{"self":[{"href":"https:\/\/sydneyoperahouse-tickets.com\/es\/wp-json\/wp\/v2\/pages\/180","targetHints":{"allow":["GET"]}}],"collection":[{"href":"https:\/\/sydneyoperahouse-tickets.com\/es\/wp-json\/wp\/v2\/pages"}],"about":[{"href":"https:\/\/sydneyoperahouse-tickets.com\/es\/wp-json\/wp\/v2\/types\/page"}],"author":[{"embeddable":true,"href":"https:\/\/sydneyoperahouse-tickets.com\/es\/wp-json\/wp\/v2\/users\/2"}],"replies":[{"embeddable":true,"href":"https:\/\/sydneyoperahouse-tickets.com\/es\/wp-json\/wp\/v2\/comments?post=180"}],"version-history":[{"count":0,"href":"https:\/\/sydneyoperahouse-tickets.com\/es\/wp-json\/wp\/v2\/pages\/180\/revisions"}],"wp:attachment":[{"href":"https:\/\/sydneyoperahouse-tickets.com\/es\/wp-json\/wp\/v2\/media?parent=180"}],"curies":[{"name":"wp","href":"https:\/\/api.w.org\/{rel}","templated":true}]}}